{"id":181,"date":"2023-10-18T13:11:16","date_gmt":"2023-10-18T13:11:16","guid":{"rendered":"https:\/\/pentair.waveevo.com\/?page_id=181"},"modified":"2025-04-21T02:46:36","modified_gmt":"2025-04-21T02:46:36","slug":"restaurants-kitchens","status":"publish","type":"page","link":"https:\/\/pentair.asia\/VN\/commercial-solutions\/restaurants-kitchens\/","title":{"rendered":"Nh\u00e0 H\u00e0ng &#038; Qu\u00e1n C\u00e0 Ph\u00ea"},"content":{"rendered":"","protected":false},"excerpt":{"rendered":"","protected":false},"author":1,"featured_media":0,"parent":82,"menu_order":13,"comment_status":"closed","ping_status":"closed","template":"","meta":{"footnotes":""},"class_list":["post-181","page","type-page","status-publish","hentry"],"_links":{"self":[{"href":"https:\/\/pentair.asia\/VN\/wp-json\/wp\/v2\/pages\/181","targetHints":{"allow":["GET"]}}],"collection":[{"href":"https:\/\/pentair.asia\/VN\/wp-json\/wp\/v2\/pages"}],"about":[{"href":"https:\/\/pentair.asia\/VN\/wp-json\/wp\/v2\/types\/page"}],"author":[{"embeddable":true,"href":"https:\/\/pentair.asia\/VN\/wp-json\/wp\/v2\/users\/1"}],"replies":[{"embeddable":true,"href":"https:\/\/pentair.asia\/VN\/wp-json\/wp\/v2\/comments?post=181"}],"version-history":[{"count":5,"href":"https:\/\/pentair.asia\/VN\/wp-json\/wp\/v2\/pages\/181\/revisions"}],"predecessor-version":[{"id":2709,"href":"https:\/\/pentair.asia\/VN\/wp-json\/wp\/v2\/pages\/181\/revisions\/2709"}],"up":[{"embeddable":true,"href":"https:\/\/pentair.asia\/VN\/wp-json\/wp\/v2\/pages\/82"}],"wp:attachment":[{"href":"https:\/\/pentair.asia\/VN\/wp-json\/wp\/v2\/media?parent=181"}],"curies":[{"name":"wp","href":"https:\/\/api.w.org\/{rel}","templated":true}]}}